{"id":10346,"date":"2024-04-03T15:30:43","date_gmt":"2024-04-03T15:30:43","guid":{"rendered":"https:\/\/chargevite.com\/proyectos-cofinanciados\/proyectos-cofinanciado-ayuda-gobierno-aragon-copy\/"},"modified":"2024-10-11T13:48:26","modified_gmt":"2024-10-11T13:48:26","slug":"proyectos-cofinanciado-programa-cdti-neotec-2023","status":"publish","type":"page","link":"https:\/\/chargevite.com\/en\/proyectos-cofinanciados\/proyectos-cofinanciado-programa-cdti-neotec-2023\/","title":{"rendered":"Proyecto cofinanciado: Programa CDTI-NEOTEC 2023"},"content":{"rendered":"<div data-elementor-type=\"wp-page\" data-elementor-id=\"10346\" class=\"elementor elementor-10346\" data-elementor-post-type=\"page\">\n\t\t\t\t\t\t<header class=\"elementor-section elementor-top-section elementor-element elementor-element-259cd53 elementor-section-height-min-height elementor-section-stretched elementor-section-boxed elementor-section-height-default elementor-section-items-middle\" data-id=\"259cd53\" data-element_type=\"section\" data-e-type=\"section\" data-settings=\"{&quot;background_background&quot;:&quot;classic&quot;,&quot;stretch_section&quot;:&quot;section-stretched&quot;}\">\n\t\t\t\t\t\t\t<div class=\"elementor-background-overlay\"><\/div>\n\t\t\t\t\t\t\t<div class=\"elementor-container elementor-column-gap-default\">\n\t\t\t\t\t<div class=\"elementor-column elementor-col-100 elementor-top-column elementor-element elementor-element-e2cc79e\" data-id=\"e2cc79e\" data-element_type=\"column\" data-e-type=\"column\">\n\t\t\t<div class=\"elementor-widget-wrap elementor-element-populated\">\n\t\t\t\t\t\t<div class=\"elementor-element elementor-element-9b73f9f elementor-widget elementor-widget-heading\" data-id=\"9b73f9f\" data-element_type=\"widget\" data-e-type=\"widget\" data-widget_type=\"heading.default\">\n\t\t\t\t<div class=\"elementor-widget-container\">\n\t\t\t\t\t<h2 class=\"elementor-heading-title elementor-size-xxl\">Movilidad sostenible \u2013 Programa CDTI-NEOTEC 2023<\/h2>\t\t\t\t<\/div>\n\t\t\t\t<\/div>\n\t\t\t\t\t<\/div>\n\t\t<\/div>\n\t\t\t\t\t<\/div>\n\t\t<\/header>\n\t\t\t\t<section class=\"elementor-section elementor-top-section elementor-element elementor-element-2b69f9f9 elementor-section-height-min-height elementor-section-items-stretch elementor-section-stretched elementor-section-content-middle elementor-section-boxed elementor-section-height-default\" data-id=\"2b69f9f9\" data-element_type=\"section\" data-e-type=\"section\" data-settings=\"{&quot;background_background&quot;:&quot;classic&quot;,&quot;stretch_section&quot;:&quot;section-stretched&quot;}\">\n\t\t\t\t\t\t<div class=\"elementor-container elementor-column-gap-wider\">\n\t\t\t\t\t<div class=\"elementor-column elementor-col-50 elementor-top-column elementor-element elementor-element-4afcf8d\" data-id=\"4afcf8d\" data-element_type=\"column\" data-e-type=\"column\">\n\t\t\t<div class=\"elementor-widget-wrap elementor-element-populated\">\n\t\t\t\t\t\t<div class=\"elementor-element elementor-element-65e2a95 elementor-widget elementor-widget-heading\" data-id=\"65e2a95\" data-element_type=\"widget\" data-e-type=\"widget\" data-widget_type=\"heading.default\">\n\t\t\t\t<div class=\"elementor-widget-container\">\n\t\t\t\t\t<h2 class=\"elementor-heading-title elementor-size-default\">Informaci\u00f3n del Proyecto<\/h2>\t\t\t\t<\/div>\n\t\t\t\t<\/div>\n\t\t\t\t<div class=\"elementor-element elementor-element-f28f9ff elementor-widget elementor-widget-text-editor\" data-id=\"f28f9ff\" data-element_type=\"widget\" data-e-type=\"widget\" data-widget_type=\"text-editor.default\">\n\t\t\t\t<div class=\"elementor-widget-container\">\n\t\t\t\t\t\t\t\t\t<h3>&#8211; T\u00edtulo del Proyecto<\/h3><p>CHARGEVITE ENERGY-ENERG\u00cdA EN MOVIMIENTO: SOLUCI\u00d3N 360\u00ba PARA FACILITAR LA TRANSICI\u00d3N HACIA LA MOVILIDAD SOSTENIBLE.<\/p><h3>&#8211; Objetivo del Proyecto<\/h3><div><p>Chargevite Energy ha resultado seleccionada dentro del Programa CDTI-NEOTEC 2023 que cofinancia el despliegue del plan de negocio de empresas innovadoras con menos de tres a\u00f1os de antig\u00fcedad.<\/p><\/div><h3>&#8211; Plazo de ejecuci\u00f3n<\/h3><p>1\/09\/2023 &#8211; 31\/12\/2024<\/p><h3>&#8211; Presupuesto global del proyecto<\/h3><p>412.135,00 \u20ac<\/p><p>(Aportaci\u00f3n CDTI NEOTEC: 325.000,00 \u20ac)<\/p>\t\t\t\t\t\t\t\t<\/div>\n\t\t\t\t<\/div>\n\t\t\t\t<div class=\"elementor-element elementor-element-9967f20 elementor-widget elementor-widget-spacer\" data-id=\"9967f20\" data-element_type=\"widget\" data-e-type=\"widget\" data-widget_type=\"spacer.default\">\n\t\t\t\t<div class=\"elementor-widget-container\">\n\t\t\t\t\t\t\t<div class=\"elementor-spacer\">\n\t\t\t<div class=\"elementor-spacer-inner\"><\/div>\n\t\t<\/div>\n\t\t\t\t\t\t<\/div>\n\t\t\t\t<\/div>\n\t\t\t\t\t<\/div>\n\t\t<\/div>\n\t\t\t\t<div class=\"elementor-column elementor-col-50 elementor-top-column elementor-element elementor-element-6f24ca4\" data-id=\"6f24ca4\" data-element_type=\"column\" data-e-type=\"column\" data-settings=\"{&quot;background_background&quot;:&quot;classic&quot;}\">\n\t\t\t<div class=\"elementor-widget-wrap elementor-element-populated\">\n\t\t\t\t\t\t<div class=\"elementor-element elementor-element-3e70cc1 elementor-widget__width-inherit elementor-widget elementor-widget-image\" data-id=\"3e70cc1\" data-element_type=\"widget\" data-e-type=\"widget\" data-widget_type=\"image.default\">\n\t\t\t\t<div class=\"elementor-widget-container\">\n\t\t\t\t\t\t\t\t\t\t\t\t\t\t\t<img fetchpriority=\"high\" decoding=\"async\" width=\"1024\" height=\"485\" src=\"https:\/\/chargevite.com\/wp-content\/uploads\/2024\/07\/Ministerio-ciencia-e-innovacion-1024x485.png\" class=\"attachment-large size-large wp-image-10825\" alt=\"\" srcset=\"https:\/\/chargevite.com\/wp-content\/uploads\/2024\/07\/Ministerio-ciencia-e-innovacion-1024x485.png 1024w, https:\/\/chargevite.com\/wp-content\/uploads\/2024\/07\/Ministerio-ciencia-e-innovacion-300x142.png 300w, https:\/\/chargevite.com\/wp-content\/uploads\/2024\/07\/Ministerio-ciencia-e-innovacion-768x364.png 768w, https:\/\/chargevite.com\/wp-content\/uploads\/2024\/07\/Ministerio-ciencia-e-innovacion-18x9.png 18w, https:\/\/chargevite.com\/wp-content\/uploads\/2024\/07\/Ministerio-ciencia-e-innovacion.png 1070w\" sizes=\"(max-width: 1024px) 100vw, 1024px\" \/>\t\t\t\t\t\t\t\t\t\t\t\t\t\t\t<\/div>\n\t\t\t\t<\/div>\n\t\t\t\t<div class=\"elementor-element elementor-element-2c7dd5a elementor-widget elementor-widget-image\" data-id=\"2c7dd5a\" data-element_type=\"widget\" data-e-type=\"widget\" data-widget_type=\"image.default\">\n\t\t\t\t<div class=\"elementor-widget-container\">\n\t\t\t\t\t\t\t\t\t\t\t\t\t\t\t<img decoding=\"async\" width=\"282\" height=\"98\" src=\"https:\/\/chargevite.com\/wp-content\/uploads\/2024\/07\/Financiado-union-europea-next-generation.png\" class=\"attachment-large size-large wp-image-10826\" alt=\"\" srcset=\"https:\/\/chargevite.com\/wp-content\/uploads\/2024\/07\/Financiado-union-europea-next-generation.png 282w, https:\/\/chargevite.com\/wp-content\/uploads\/2024\/07\/Financiado-union-europea-next-generation-18x6.png 18w\" sizes=\"(max-width: 282px) 100vw, 282px\" \/>\t\t\t\t\t\t\t\t\t\t\t\t\t\t\t<\/div>\n\t\t\t\t<\/div>\n\t\t\t\t<div class=\"elementor-element elementor-element-e5e1e82 elementor-widget elementor-widget-image\" data-id=\"e5e1e82\" data-element_type=\"widget\" data-e-type=\"widget\" data-widget_type=\"image.default\">\n\t\t\t\t<div class=\"elementor-widget-container\">\n\t\t\t\t\t\t\t\t\t\t\t\t\t\t\t<img decoding=\"async\" width=\"1024\" height=\"576\" src=\"https:\/\/chargevite.com\/wp-content\/uploads\/2024\/07\/Plan-de-recuperacion-transformacion-resilencia-1024x576.png\" class=\"attachment-large size-large wp-image-10827\" alt=\"\" srcset=\"https:\/\/chargevite.com\/wp-content\/uploads\/2024\/07\/Plan-de-recuperacion-transformacion-resilencia-1024x576.png 1024w, https:\/\/chargevite.com\/wp-content\/uploads\/2024\/07\/Plan-de-recuperacion-transformacion-resilencia-300x169.png 300w, https:\/\/chargevite.com\/wp-content\/uploads\/2024\/07\/Plan-de-recuperacion-transformacion-resilencia-768x432.png 768w, https:\/\/chargevite.com\/wp-content\/uploads\/2024\/07\/Plan-de-recuperacion-transformacion-resilencia-1536x864.png 1536w, https:\/\/chargevite.com\/wp-content\/uploads\/2024\/07\/Plan-de-recuperacion-transformacion-resilencia-18x10.png 18w, https:\/\/chargevite.com\/wp-content\/uploads\/2024\/07\/Plan-de-recuperacion-transformacion-resilencia.png 1920w\" sizes=\"(max-width: 1024px) 100vw, 1024px\" \/>\t\t\t\t\t\t\t\t\t\t\t\t\t\t\t<\/div>\n\t\t\t\t<\/div>\n\t\t\t\t<div class=\"elementor-element elementor-element-1bf881a elementor-widget elementor-widget-image\" data-id=\"1bf881a\" data-element_type=\"widget\" data-e-type=\"widget\" data-widget_type=\"image.default\">\n\t\t\t\t<div class=\"elementor-widget-container\">\n\t\t\t\t\t\t\t\t\t\t\t\t\t\t\t<img loading=\"lazy\" decoding=\"async\" width=\"222\" height=\"106\" src=\"https:\/\/chargevite.com\/wp-content\/uploads\/2024\/07\/Financiado-union-europea-next-generation-copia.png\" class=\"attachment-large size-large wp-image-10824\" alt=\"\" srcset=\"https:\/\/chargevite.com\/wp-content\/uploads\/2024\/07\/Financiado-union-europea-next-generation-copia.png 222w, https:\/\/chargevite.com\/wp-content\/uploads\/2024\/07\/Financiado-union-europea-next-generation-copia-18x9.png 18w\" sizes=\"(max-width: 222px) 100vw, 222px\" \/>\t\t\t\t\t\t\t\t\t\t\t\t\t\t\t<\/div>\n\t\t\t\t<\/div>\n\t\t\t\t\t<\/div>\n\t\t<\/div>\n\t\t\t\t\t<\/div>\n\t\t<\/section>\n\t\t\t\t<footer class=\"elementor-section elementor-top-section elementor-element elementor-element-ced03ab elementor-section-height-min-height elementor-section-full_width elementor-section-stretched elementor-section-height-default elementor-section-items-middle\" data-id=\"ced03ab\" data-element_type=\"section\" data-e-type=\"section\" data-settings=\"{&quot;background_background&quot;:&quot;classic&quot;,&quot;stretch_section&quot;:&quot;section-stretched&quot;}\">\n\t\t\t\t\t\t\t<div class=\"elementor-background-overlay\"><\/div>\n\t\t\t\t\t\t\t<div class=\"elementor-container elementor-column-gap-default\">\n\t\t\t\t\t<div class=\"elementor-column elementor-col-100 elementor-top-column elementor-element elementor-element-c9d35a4\" data-id=\"c9d35a4\" data-element_type=\"column\" data-e-type=\"column\">\n\t\t\t<div class=\"elementor-widget-wrap elementor-element-populated\">\n\t\t\t\t\t\t<div class=\"elementor-element elementor-element-7da474f elementor-widget elementor-widget-heading\" data-id=\"7da474f\" data-element_type=\"widget\" data-e-type=\"widget\" data-widget_type=\"heading.default\">\n\t\t\t\t<div class=\"elementor-widget-container\">\n\t\t\t\t\t<h2 class=\"elementor-heading-title elementor-size-xxl\">Contacta con nosotros<\/h2>\t\t\t\t<\/div>\n\t\t\t\t<\/div>\n\t\t\t\t<div class=\"elementor-element elementor-element-ad0ed23 elementor-widget elementor-widget-heading\" data-id=\"ad0ed23\" data-element_type=\"widget\" data-e-type=\"widget\" data-widget_type=\"heading.default\">\n\t\t\t\t<div class=\"elementor-widget-container\">\n\t\t\t\t\t<h2 class=\"elementor-heading-title elementor-size-medium\">Pregunta cualquier duda o consulta a trav\u00e9s de nuestras redes sociales y nuestro correo electr\u00f3nico<\/h2>\t\t\t\t<\/div>\n\t\t\t\t<\/div>\n\t\t\t\t<nav class=\"elementor-section elementor-inner-section elementor-element elementor-element-112d0b8 elementor-section-boxed elementor-section-height-default elementor-section-height-default\" data-id=\"112d0b8\" data-element_type=\"section\" data-e-type=\"section\">\n\t\t\t\t\t\t<div class=\"elementor-container elementor-column-gap-default\">\n\t\t\t\t\t<div class=\"elementor-column elementor-col-100 elementor-inner-column elementor-element elementor-element-9700ec5\" data-id=\"9700ec5\" data-element_type=\"column\" data-e-type=\"column\">\n\t\t\t<div class=\"elementor-widget-wrap elementor-element-populated\">\n\t\t\t\t\t\t<div class=\"elementor-element elementor-element-9f54ae3 elementor-align-center elementor-mobile-align-center elementor-widget elementor-widget-button\" data-id=\"9f54ae3\" data-element_type=\"widget\" data-e-type=\"widget\" data-widget_type=\"button.default\">\n\t\t\t\t<div class=\"elementor-widget-container\">\n\t\t\t\t\t\t\t\t\t<div class=\"elementor-button-wrapper\">\n\t\t\t\t\t<a class=\"elementor-button elementor-button-link elementor-size-xs elementor-animation-grow\" href=\"http:\/\/chargevite.com\/en\/contacto\/\">\n\t\t\t\t\t\t<span class=\"elementor-button-content-wrapper\">\n\t\t\t\t\t\t\t\t\t<span class=\"elementor-button-text\">P\u00e1gina de contacto<\/span>\n\t\t\t\t\t<\/span>\n\t\t\t\t\t<\/a>\n\t\t\t\t<\/div>\n\t\t\t\t\t\t\t\t<\/div>\n\t\t\t\t<\/div>\n\t\t\t\t\t<\/div>\n\t\t<\/div>\n\t\t\t\t\t<\/div>\n\t\t<\/nav>\n\t\t\t\t<section class=\"elementor-section elementor-inner-section elementor-element elementor-element-64cc68d elementor-section-boxed elementor-section-height-default elementor-section-height-default\" data-id=\"64cc68d\" data-element_type=\"section\" data-e-type=\"section\">\n\t\t\t\t\t\t<div class=\"elementor-container elementor-column-gap-default\">\n\t\t\t\t\t<div class=\"elementor-column elementor-col-25 elementor-inner-column elementor-element elementor-element-0ea99de\" data-id=\"0ea99de\" data-element_type=\"column\" data-e-type=\"column\">\n\t\t\t<div class=\"elementor-widget-wrap elementor-element-populated\">\n\t\t\t\t\t\t<div class=\"elementor-element elementor-element-c49f3b5 elementor-view-default elementor-widget elementor-widget-icon\" data-id=\"c49f3b5\" data-element_type=\"widget\" data-e-type=\"widget\" data-widget_type=\"icon.default\">\n\t\t\t\t<div class=\"elementor-widget-container\">\n\t\t\t\t\t\t\t<div class=\"elementor-icon-wrapper\">\n\t\t\t<a class=\"elementor-icon\" href=\"https:\/\/twitter.com\/chargevite_\">\n\t\t\t<i aria-hidden=\"true\" class=\"fab fa-twitter\"><\/i>\t\t\t<\/a>\n\t\t<\/div>\n\t\t\t\t\t\t<\/div>\n\t\t\t\t<\/div>\n\t\t\t\t\t<\/div>\n\t\t<\/div>\n\t\t\t\t<div class=\"elementor-column elementor-col-25 elementor-inner-column elementor-element elementor-element-cea79e0\" data-id=\"cea79e0\" data-element_type=\"column\" data-e-type=\"column\">\n\t\t\t<div class=\"elementor-widget-wrap elementor-element-populated\">\n\t\t\t\t\t\t<div class=\"elementor-element elementor-element-d7606bb elementor-view-default elementor-widget elementor-widget-icon\" data-id=\"d7606bb\" data-element_type=\"widget\" data-e-type=\"widget\" data-widget_type=\"icon.default\">\n\t\t\t\t<div class=\"elementor-widget-container\">\n\t\t\t\t\t\t\t<div class=\"elementor-icon-wrapper\">\n\t\t\t<a class=\"elementor-icon\" href=\"https:\/\/www.linkedin.com\/company\/chargevite\">\n\t\t\t<i aria-hidden=\"true\" class=\"fab fa-linkedin-in\"><\/i>\t\t\t<\/a>\n\t\t<\/div>\n\t\t\t\t\t\t<\/div>\n\t\t\t\t<\/div>\n\t\t\t\t\t<\/div>\n\t\t<\/div>\n\t\t\t\t<div class=\"elementor-column elementor-col-25 elementor-inner-column elementor-element elementor-element-8cf1bb2\" data-id=\"8cf1bb2\" data-element_type=\"column\" data-e-type=\"column\">\n\t\t\t<div class=\"elementor-widget-wrap elementor-element-populated\">\n\t\t\t\t\t\t<div class=\"elementor-element elementor-element-f062dd5 elementor-view-default elementor-widget elementor-widget-icon\" data-id=\"f062dd5\" data-element_type=\"widget\" data-e-type=\"widget\" data-widget_type=\"icon.default\">\n\t\t\t\t<div class=\"elementor-widget-container\">\n\t\t\t\t\t\t\t<div class=\"elementor-icon-wrapper\">\n\t\t\t<a class=\"elementor-icon\" href=\"https:\/\/www.instagram.com\/chargevite\/\">\n\t\t\t<i aria-hidden=\"true\" class=\"fab fa-instagram\"><\/i>\t\t\t<\/a>\n\t\t<\/div>\n\t\t\t\t\t\t<\/div>\n\t\t\t\t<\/div>\n\t\t\t\t\t<\/div>\n\t\t<\/div>\n\t\t\t\t<div class=\"elementor-column elementor-col-25 elementor-inner-column elementor-element elementor-element-9bada3c\" data-id=\"9bada3c\" data-element_type=\"column\" data-e-type=\"column\">\n\t\t\t<div class=\"elementor-widget-wrap elementor-element-populated\">\n\t\t\t\t\t\t<div class=\"elementor-element elementor-element-14b172f elementor-view-default elementor-widget elementor-widget-icon\" data-id=\"14b172f\" data-element_type=\"widget\" data-e-type=\"widget\" data-widget_type=\"icon.default\">\n\t\t\t\t<div class=\"elementor-widget-container\">\n\t\t\t\t\t\t\t<div class=\"elementor-icon-wrapper\">\n\t\t\t<a class=\"elementor-icon\" href=\"https:\/\/www.facebook.com\/chargevite\">\n\t\t\t<i aria-hidden=\"true\" class=\"fab fa-facebook-f\"><\/i>\t\t\t<\/a>\n\t\t<\/div>\n\t\t\t\t\t\t<\/div>\n\t\t\t\t<\/div>\n\t\t\t\t\t<\/div>\n\t\t<\/div>\n\t\t\t\t\t<\/div>\n\t\t<\/section>\n\t\t\t\t\t<\/div>\n\t\t<\/div>\n\t\t\t\t\t<\/div>\n\t\t<\/footer>\n\t\t\t\t<\/div>","protected":false},"excerpt":{"rendered":"<p>Movilidad sostenible \u2013 Programa CDTI-NEOTEC 2023 Informaci\u00f3n del Proyecto &#8211; T\u00edtulo del Proyecto CHARGEVITE ENERGY-ENERG\u00cdA EN MOVIMIENTO: SOLUCI\u00d3N 360\u00ba PARA FACILITAR LA TRANSICI\u00d3N HACIA LA MOVILIDAD SOSTENIBLE. &#8211; Objetivo del&hellip;<\/p>","protected":false},"author":2,"featured_media":0,"parent":8877,"menu_order":0,"comment_status":"closed","ping_status":"closed","template":"","meta":{"footnotes":""},"class_list":["post-10346","page","type-page","status-publish","hentry"],"aioseo_notices":[],"_links":{"self":[{"href":"https:\/\/chargevite.com\/en\/wp-json\/wp\/v2\/pages\/10346","targetHints":{"allow":["GET"]}}],"collection":[{"href":"https:\/\/chargevite.com\/en\/wp-json\/wp\/v2\/pages"}],"about":[{"href":"https:\/\/chargevite.com\/en\/wp-json\/wp\/v2\/types\/page"}],"author":[{"embeddable":true,"href":"https:\/\/chargevite.com\/en\/wp-json\/wp\/v2\/users\/2"}],"replies":[{"embeddable":true,"href":"https:\/\/chargevite.com\/en\/wp-json\/wp\/v2\/comments?post=10346"}],"version-history":[{"count":19,"href":"https:\/\/chargevite.com\/en\/wp-json\/wp\/v2\/pages\/10346\/revisions"}],"predecessor-version":[{"id":11563,"href":"https:\/\/chargevite.com\/en\/wp-json\/wp\/v2\/pages\/10346\/revisions\/11563"}],"up":[{"embeddable":true,"href":"https:\/\/chargevite.com\/en\/wp-json\/wp\/v2\/pages\/8877"}],"wp:attachment":[{"href":"https:\/\/chargevite.com\/en\/wp-json\/wp\/v2\/media?parent=10346"}],"curies":[{"name":"wp","href":"https:\/\/api.w.org\/{rel}","templated":true}]}}