{"id":11025,"date":"2024-09-11T08:49:41","date_gmt":"2024-09-11T08:49:41","guid":{"rendered":"https:\/\/chargevite.com\/contacto-copy\/"},"modified":"2026-03-31T11:53:18","modified_gmt":"2026-03-31T11:53:18","slug":"declaracion-de-conformidad","status":"publish","type":"page","link":"https:\/\/chargevite.com\/en\/declaracion-de-conformidad\/","title":{"rendered":"Declaration of Conformity"},"content":{"rendered":"<div data-elementor-type=\"wp-page\" data-elementor-id=\"11025\" class=\"elementor elementor-11025\" data-elementor-post-type=\"page\">\n\t\t\t\t\t\t<section class=\"elementor-section elementor-top-section elementor-element elementor-element-177c6944 elementor-section-full_width elementor-section-height-full elementor-section-height-default elementor-section-items-middle\" data-id=\"177c6944\" data-element_type=\"section\" data-e-type=\"section\" data-settings=\"{&quot;background_background&quot;:&quot;gradient&quot;}\">\n\t\t\t\t\t\t<div class=\"elementor-container elementor-column-gap-default\">\n\t\t\t\t\t<div class=\"elementor-column elementor-col-100 elementor-top-column elementor-element elementor-element-4431e463\" data-id=\"4431e463\" data-element_type=\"column\" data-e-type=\"column\" data-settings=\"{&quot;background_background&quot;:&quot;classic&quot;}\">\n\t\t\t<div class=\"elementor-widget-wrap elementor-element-populated\">\n\t\t\t\t\t<div class=\"elementor-background-overlay\"><\/div>\n\t\t\t\t\t\t<div class=\"elementor-element elementor-element-43b91a1 elementor-widget elementor-widget-heading\" data-id=\"43b91a1\" data-element_type=\"widget\" data-e-type=\"widget\" data-widget_type=\"heading.default\">\n\t\t\t\t<div class=\"elementor-widget-container\">\n\t\t\t\t\t<h2 class=\"elementor-heading-title elementor-size-default\">Documentos para Declaraci\u00f3n de Conformidad<\/h2>\t\t\t\t<\/div>\n\t\t\t\t<\/div>\n\t\t\t\t<div class=\"elementor-element elementor-element-63e989d3 elementor-hidden-tablet elementor-hidden-mobile elementor-widget elementor-widget-spacer\" data-id=\"63e989d3\" data-element_type=\"widget\" data-e-type=\"widget\" data-widget_type=\"spacer.default\">\n\t\t\t\t<div class=\"elementor-widget-container\">\n\t\t\t\t\t\t\t<div class=\"elementor-spacer\">\n\t\t\t<div class=\"elementor-spacer-inner\"><\/div>\n\t\t<\/div>\n\t\t\t\t\t\t<\/div>\n\t\t\t\t<\/div>\n\t\t\t\t<div class=\"elementor-element elementor-element-4f6263f elementor-widget elementor-widget-text-editor\" data-id=\"4f6263f\" data-element_type=\"widget\" data-e-type=\"widget\" data-widget_type=\"text-editor.default\">\n\t\t\t\t<div class=\"elementor-widget-container\">\n\t\t\t\t\t\t\t\t\t<p>Descarga aqu\u00ed la informaci\u00f3n para la declaraci\u00f3n de conformidad de nuestros cargadores para veh\u00edculos el\u00e9ctricos.<\/p><p><br><\/p><p>Haz clic en cada imagen para descargar los documentos.<\/p>\t\t\t\t\t\t\t\t<\/div>\n\t\t\t\t<\/div>\n\t\t\t\t<section class=\"elementor-section elementor-inner-section elementor-element elementor-element-aba9613 elementor-section-full_width elementor-section-height-default elementor-section-height-default\" data-id=\"aba9613\" data-element_type=\"section\" data-e-type=\"section\">\n\t\t\t\t\t\t<div class=\"elementor-container elementor-column-gap-default\">\n\t\t\t\t\t<div class=\"elementor-column elementor-col-25 elementor-inner-column elementor-element elementor-element-1b61530a\" data-id=\"1b61530a\" data-element_type=\"column\" data-e-type=\"column\" data-settings=\"{&quot;background_background&quot;:&quot;classic&quot;}\">\n\t\t\t<div class=\"elementor-widget-wrap elementor-element-populated\">\n\t\t\t\t\t\t<div class=\"elementor-element elementor-element-f9b19c3 elementor-widget elementor-widget-heading\" data-id=\"f9b19c3\" data-element_type=\"widget\" data-e-type=\"widget\" data-widget_type=\"heading.default\">\n\t\t\t\t<div class=\"elementor-widget-container\">\n\t\t\t\t\t<h2 class=\"elementor-heading-title elementor-size-default\">Chargevite COMFORT<\/h2>\t\t\t\t<\/div>\n\t\t\t\t<\/div>\n\t\t\t\t<div class=\"elementor-element elementor-element-a0a80e2 elementor-widget elementor-widget-image\" data-id=\"a0a80e2\" data-element_type=\"widget\" data-e-type=\"widget\" data-widget_type=\"image.default\">\n\t\t\t\t<div class=\"elementor-widget-container\">\n\t\t\t\t\t\t\t\t\t\t\t\t\t\t\t\t<a href=\"https:\/\/chargevite.com\/wp-content\/uploads\/2024\/09\/DdC-COMFORT-Junio-2024-2.pdf\">\n\t\t\t\t\t\t\t<img fetchpriority=\"high\" decoding=\"async\" width=\"354\" height=\"1024\" src=\"https:\/\/chargevite.com\/wp-content\/uploads\/2024\/01\/producto-cargador-de-coche-chargevite-comfort-con-manguera-354x1024.png\" class=\"attachment-large size-large wp-image-9010\" alt=\"producto-cargador-de-coche-chargevite-comfort-con-manguera\" srcset=\"https:\/\/chargevite.com\/wp-content\/uploads\/2024\/01\/producto-cargador-de-coche-chargevite-comfort-con-manguera-354x1024.png 354w, https:\/\/chargevite.com\/wp-content\/uploads\/2024\/01\/producto-cargador-de-coche-chargevite-comfort-con-manguera-104x300.png 104w, https:\/\/chargevite.com\/wp-content\/uploads\/2024\/01\/producto-cargador-de-coche-chargevite-comfort-con-manguera-768x2219.png 768w, https:\/\/chargevite.com\/wp-content\/uploads\/2024\/01\/producto-cargador-de-coche-chargevite-comfort-con-manguera-531x1536.png 531w, https:\/\/chargevite.com\/wp-content\/uploads\/2024\/01\/producto-cargador-de-coche-chargevite-comfort-con-manguera-709x2048.png 709w, https:\/\/chargevite.com\/wp-content\/uploads\/2024\/01\/producto-cargador-de-coche-chargevite-comfort-con-manguera.png 836w\" sizes=\"(max-width: 354px) 100vw, 354px\" \/>\t\t\t\t\t\t\t\t<\/a>\n\t\t\t\t\t\t\t\t\t\t\t\t\t\t\t<\/div>\n\t\t\t\t<\/div>\n\t\t\t\t\t<\/div>\n\t\t<\/div>\n\t\t\t\t<div class=\"elementor-column elementor-col-25 elementor-inner-column elementor-element elementor-element-daa34a7\" data-id=\"daa34a7\" data-element_type=\"column\" data-e-type=\"column\">\n\t\t\t<div class=\"elementor-widget-wrap elementor-element-populated\">\n\t\t\t\t\t\t<div class=\"elementor-element elementor-element-748c43c elementor-widget elementor-widget-heading\" data-id=\"748c43c\" data-element_type=\"widget\" data-e-type=\"widget\" data-widget_type=\"heading.default\">\n\t\t\t\t<div class=\"elementor-widget-container\">\n\t\t\t\t\t<h2 class=\"elementor-heading-title elementor-size-default\">Chargevite COMFORT +<\/h2>\t\t\t\t<\/div>\n\t\t\t\t<\/div>\n\t\t\t\t<div class=\"elementor-element elementor-element-6f0a9d6 elementor-widget elementor-widget-image\" data-id=\"6f0a9d6\" data-element_type=\"widget\" data-e-type=\"widget\" data-widget_type=\"image.default\">\n\t\t\t\t<div class=\"elementor-widget-container\">\n\t\t\t\t\t\t\t\t\t\t\t\t\t\t\t\t<a href=\"https:\/\/chargevite.com\/wp-content\/uploads\/2024\/09\/DdC-COMFORT-Junio-2024-3.pdf\">\n\t\t\t\t\t\t\t<img decoding=\"async\" width=\"862\" height=\"896\" src=\"https:\/\/chargevite.com\/wp-content\/uploads\/2024\/01\/producto-2-cargador-de-coche-chargevite-comfort-.png\" class=\"attachment-large size-large wp-image-9009\" alt=\"producto-2-cargador-de-coche-chargevite-comfort-\" srcset=\"https:\/\/chargevite.com\/wp-content\/uploads\/2024\/01\/producto-2-cargador-de-coche-chargevite-comfort-.png 862w, https:\/\/chargevite.com\/wp-content\/uploads\/2024\/01\/producto-2-cargador-de-coche-chargevite-comfort--289x300.png 289w, https:\/\/chargevite.com\/wp-content\/uploads\/2024\/01\/producto-2-cargador-de-coche-chargevite-comfort--768x798.png 768w\" sizes=\"(max-width: 862px) 100vw, 862px\" \/>\t\t\t\t\t\t\t\t<\/a>\n\t\t\t\t\t\t\t\t\t\t\t\t\t\t\t<\/div>\n\t\t\t\t<\/div>\n\t\t\t\t\t<\/div>\n\t\t<\/div>\n\t\t\t\t<div class=\"elementor-column elementor-col-25 elementor-inner-column elementor-element elementor-element-ab8b30c\" data-id=\"ab8b30c\" data-element_type=\"column\" data-e-type=\"column\" data-settings=\"{&quot;background_background&quot;:&quot;classic&quot;}\">\n\t\t\t<div class=\"elementor-widget-wrap elementor-element-populated\">\n\t\t\t\t\t\t<div class=\"elementor-element elementor-element-06942d5 elementor-widget elementor-widget-heading\" data-id=\"06942d5\" data-element_type=\"widget\" data-e-type=\"widget\" data-widget_type=\"heading.default\">\n\t\t\t\t<div class=\"elementor-widget-container\">\n\t\t\t\t\t<h2 class=\"elementor-heading-title elementor-size-default\">Chargevite GENESIS Mural<\/h2>\t\t\t\t<\/div>\n\t\t\t\t<\/div>\n\t\t\t\t<div class=\"elementor-element elementor-element-41b673c elementor-widget elementor-widget-image\" data-id=\"41b673c\" data-element_type=\"widget\" data-e-type=\"widget\" data-widget_type=\"image.default\">\n\t\t\t\t<div class=\"elementor-widget-container\">\n\t\t\t\t\t\t\t\t\t\t\t\t\t\t\t\t<a href=\"https:\/\/chargevite.com\/wp-content\/uploads\/2024\/09\/DdC-GENESIS-Mural-Junio-2024-1.pdf\">\n\t\t\t\t\t\t\t<img decoding=\"async\" width=\"704\" height=\"1024\" src=\"https:\/\/chargevite.com\/wp-content\/uploads\/2024\/02\/Modelo-Chargevite-Genesis-Mural-704x1024.png\" class=\"attachment-large size-large wp-image-9905\" alt=\"Modelo-Chargevite-Genesis-Mural\" srcset=\"https:\/\/chargevite.com\/wp-content\/uploads\/2024\/02\/Modelo-Chargevite-Genesis-Mural-704x1024.png 704w, https:\/\/chargevite.com\/wp-content\/uploads\/2024\/02\/Modelo-Chargevite-Genesis-Mural-206x300.png 206w, https:\/\/chargevite.com\/wp-content\/uploads\/2024\/02\/Modelo-Chargevite-Genesis-Mural.png 743w\" sizes=\"(max-width: 704px) 100vw, 704px\" \/>\t\t\t\t\t\t\t\t<\/a>\n\t\t\t\t\t\t\t\t\t\t\t\t\t\t\t<\/div>\n\t\t\t\t<\/div>\n\t\t\t\t\t<\/div>\n\t\t<\/div>\n\t\t\t\t<div class=\"elementor-column elementor-col-25 elementor-inner-column elementor-element elementor-element-69289565\" data-id=\"69289565\" data-element_type=\"column\" data-e-type=\"column\">\n\t\t\t<div class=\"elementor-widget-wrap elementor-element-populated\">\n\t\t\t\t\t\t<div class=\"elementor-element elementor-element-223ce8a elementor-widget elementor-widget-heading\" data-id=\"223ce8a\" data-element_type=\"widget\" data-e-type=\"widget\" data-widget_type=\"heading.default\">\n\t\t\t\t<div class=\"elementor-widget-container\">\n\t\t\t\t\t<h2 class=\"elementor-heading-title elementor-size-default\">Chargevite GENESIS Stand<\/h2>\t\t\t\t<\/div>\n\t\t\t\t<\/div>\n\t\t\t\t<div class=\"elementor-element elementor-element-7099205 elementor-widget elementor-widget-image\" data-id=\"7099205\" data-element_type=\"widget\" data-e-type=\"widget\" data-widget_type=\"image.default\">\n\t\t\t\t<div class=\"elementor-widget-container\">\n\t\t\t\t\t\t\t\t\t\t\t\t\t\t\t\t<a href=\"https:\/\/chargevite.com\/wp-content\/uploads\/2024\/09\/DdC-GENESIS-Stand-Junio-2024-1.pdf\">\n\t\t\t\t\t\t\t<img loading=\"lazy\" decoding=\"async\" width=\"350\" height=\"1024\" src=\"https:\/\/chargevite.com\/wp-content\/uploads\/2024\/02\/producto-cargador-de-coche-chargevite-genesis-stand-2-350x1024.png\" class=\"attachment-large size-large wp-image-9615\" alt=\"producto-cargador-de-coche-chargevite-genesis-stand-2\" srcset=\"https:\/\/chargevite.com\/wp-content\/uploads\/2024\/02\/producto-cargador-de-coche-chargevite-genesis-stand-2-350x1024.png 350w, https:\/\/chargevite.com\/wp-content\/uploads\/2024\/02\/producto-cargador-de-coche-chargevite-genesis-stand-2-103x300.png 103w, https:\/\/chargevite.com\/wp-content\/uploads\/2024\/02\/producto-cargador-de-coche-chargevite-genesis-stand-2-525x1536.png 525w, https:\/\/chargevite.com\/wp-content\/uploads\/2024\/02\/producto-cargador-de-coche-chargevite-genesis-stand-2.png 606w\" sizes=\"(max-width: 350px) 100vw, 350px\" \/>\t\t\t\t\t\t\t\t<\/a>\n\t\t\t\t\t\t\t\t\t\t\t\t\t\t\t<\/div>\n\t\t\t\t<\/div>\n\t\t\t\t\t<\/div>\n\t\t<\/div>\n\t\t\t\t\t<\/div>\n\t\t<\/section>\n\t\t\t\t\t<\/div>\n\t\t<\/div>\n\t\t\t\t\t<\/div>\n\t\t<\/section>\n\t\t\t\t<\/div>","protected":false},"excerpt":{"rendered":"<p>Documentos para Declaraci\u00f3n de Conformidad Descarga aqu\u00ed la informaci\u00f3n para la declaraci\u00f3n de conformidad de nuestros cargadores para veh\u00edculos el\u00e9ctricos. Haz clic en cada imagen para descargar los documentos. Chargevite&hellip;<\/p>","protected":false},"author":2,"featured_media":0,"parent":0,"menu_order":0,"comment_status":"closed","ping_status":"closed","template":"elementor_canvas","meta":{"footnotes":""},"class_list":["post-11025","page","type-page","status-publish","hentry"],"aioseo_notices":[],"_links":{"self":[{"href":"https:\/\/chargevite.com\/en\/wp-json\/wp\/v2\/pages\/11025","targetHints":{"allow":["GET"]}}],"collection":[{"href":"https:\/\/chargevite.com\/en\/wp-json\/wp\/v2\/pages"}],"about":[{"href":"https:\/\/chargevite.com\/en\/wp-json\/wp\/v2\/types\/page"}],"author":[{"embeddable":true,"href":"https:\/\/chargevite.com\/en\/wp-json\/wp\/v2\/users\/2"}],"replies":[{"embeddable":true,"href":"https:\/\/chargevite.com\/en\/wp-json\/wp\/v2\/comments?post=11025"}],"version-history":[{"count":22,"href":"https:\/\/chargevite.com\/en\/wp-json\/wp\/v2\/pages\/11025\/revisions"}],"predecessor-version":[{"id":12513,"href":"https:\/\/chargevite.com\/en\/wp-json\/wp\/v2\/pages\/11025\/revisions\/12513"}],"wp:attachment":[{"href":"https:\/\/chargevite.com\/en\/wp-json\/wp\/v2\/media?parent=11025"}],"curies":[{"name":"wp","href":"https:\/\/api.w.org\/{rel}","templated":true}]}}