{"id":10831,"date":"2024-07-05T06:13:10","date_gmt":"2024-07-05T06:13:10","guid":{"rendered":"https:\/\/chargevite.com\/proyectos-cofinanciados\/proyectos-cofinanciado-programa-moves-iii-copy\/"},"modified":"2024-10-11T11:14:43","modified_gmt":"2024-10-11T11:14:43","slug":"investigacion-primer-prototipado-para-prueba-de-concepto","status":"publish","type":"page","link":"https:\/\/chargevite.com\/fr\/proyectos-cofinanciados\/investigacion-primer-prototipado-para-prueba-de-concepto\/","title":{"rendered":"Proyecto cofinanciado: Investigaci\u00f3n y primer prototipado para prueba de concepto de nuevos equipos de integraci\u00f3n directa"},"content":{"rendered":"<div data-elementor-type=\"wp-page\" data-elementor-id=\"10831\" class=\"elementor elementor-10831\" data-elementor-post-type=\"page\">\n\t\t\t\t\t\t<header class=\"elementor-section elementor-top-section elementor-element elementor-element-259cd53 elementor-section-height-min-height elementor-section-stretched elementor-section-boxed elementor-section-height-default elementor-section-items-middle\" data-id=\"259cd53\" data-element_type=\"section\" data-e-type=\"section\" data-settings=\"{&quot;background_background&quot;:&quot;classic&quot;,&quot;stretch_section&quot;:&quot;section-stretched&quot;}\">\n\t\t\t\t\t\t\t<div class=\"elementor-background-overlay\"><\/div>\n\t\t\t\t\t\t\t<div class=\"elementor-container elementor-column-gap-default\">\n\t\t\t\t\t<div class=\"elementor-column elementor-col-100 elementor-top-column elementor-element elementor-element-e2cc79e\" data-id=\"e2cc79e\" data-element_type=\"column\" data-e-type=\"column\">\n\t\t\t<div class=\"elementor-widget-wrap elementor-element-populated\">\n\t\t\t\t\t\t<div class=\"elementor-element elementor-element-9b73f9f elementor-widget elementor-widget-heading\" data-id=\"9b73f9f\" data-element_type=\"widget\" data-e-type=\"widget\" data-widget_type=\"heading.default\">\n\t\t\t\t<div class=\"elementor-widget-container\">\n\t\t\t\t\t<h2 class=\"elementor-heading-title elementor-size-xxl\">Movilidad sostenible \u2013 Investigaci\u00f3n y primer prototipado para prueba de concepto de nuevos equipos de integraci\u00f3n directa de: generaci\u00f3n renovable, carga bidireccional del veh\u00edculo el\u00e9ctrico y gesti\u00f3n global energ\u00e9tica, en el \u00e1mbito dom\u00e9stico y PYME<\/h2>\t\t\t\t<\/div>\n\t\t\t\t<\/div>\n\t\t\t\t\t<\/div>\n\t\t<\/div>\n\t\t\t\t\t<\/div>\n\t\t<\/header>\n\t\t\t\t<section class=\"elementor-section elementor-top-section elementor-element elementor-element-2b69f9f9 elementor-section-height-min-height elementor-section-items-stretch elementor-section-stretched elementor-section-full_width elementor-section-height-default\" data-id=\"2b69f9f9\" data-element_type=\"section\" data-e-type=\"section\" data-settings=\"{&quot;background_background&quot;:&quot;classic&quot;,&quot;stretch_section&quot;:&quot;section-stretched&quot;}\">\n\t\t\t\t\t\t<div class=\"elementor-container elementor-column-gap-wider\">\n\t\t\t\t\t<div class=\"elementor-column elementor-col-50 elementor-top-column elementor-element elementor-element-4afcf8d\" data-id=\"4afcf8d\" data-element_type=\"column\" data-e-type=\"column\">\n\t\t\t<div class=\"elementor-widget-wrap elementor-element-populated\">\n\t\t\t\t\t\t<div class=\"elementor-element elementor-element-65e2a95 elementor-widget elementor-widget-heading\" data-id=\"65e2a95\" data-element_type=\"widget\" data-e-type=\"widget\" data-widget_type=\"heading.default\">\n\t\t\t\t<div class=\"elementor-widget-container\">\n\t\t\t\t\t<h2 class=\"elementor-heading-title elementor-size-default\">Informaci\u00f3n del Proyecto<\/h2>\t\t\t\t<\/div>\n\t\t\t\t<\/div>\n\t\t\t\t<div class=\"elementor-element elementor-element-f28f9ff elementor-widget elementor-widget-text-editor\" data-id=\"f28f9ff\" data-element_type=\"widget\" data-e-type=\"widget\" data-widget_type=\"text-editor.default\">\n\t\t\t\t<div class=\"elementor-widget-container\">\n\t\t\t\t\t\t\t\t\t<p><b>Investigaci\u00f3n y primer prototipado para prueba de concepto de nuevos equipos de integraci\u00f3n directa de: generaci\u00f3n renovable, carga bidireccional del veh\u00edculo el\u00e9ctrico y gesti\u00f3n global energ\u00e9tica, en el \u00e1mbito dom\u00e9stico y PYME.<\/b><\/p><p>El fomento de la movilidad sostenible se plantea como una de las actuaciones clave encaminadas a cumplir los compromisos internacionales en materia de ahorro, diversificaci\u00f3n energ\u00e9tica y respeto al medioambiente.<\/p><p>Sin embargo, el completo despliegue de la infraestructura de recarga no ser\u00e1 posible sin tener en cuenta su integraci\u00f3n con energ\u00edas renovables. Dicha integraci\u00f3n, m\u00e1s all\u00e1 de suponer una fuente alternativa de energ\u00eda con cero emisiones, abre un nuevo abanico de posibilidades de gesti\u00f3n avanzada de energ\u00eda en los \u00e1mbitos dom\u00e9stico y ciudades (alineada con el concepto de <i>smart<\/i> <i>city<\/i>), comercial e industrial. Sin embargo, para que esta integraci\u00f3n sea plena, es necesario afrontar una serie de desaf\u00edos tecnol\u00f3gicos que permitan convertir la flota de veh\u00edculos en un almac\u00e9n de energ\u00eda 100% gestionable, lo que pasa por realizar una optimizaci\u00f3n de los sistemas bidireccionales de recarga capaces de controlar el flujo de energ\u00eda el\u00e9ctrica en ambas direcciones.<\/p><p>Partiendo de este contexto global, el objetivo de este proyecto de investigaci\u00f3n industrial plurianual es la maximizaci\u00f3n de la eficiencia energ\u00e9tica en la recarga del veh\u00edculo el\u00e9ctrico directamente desde la fuente de energ\u00eda fotovoltaica, orientada en dos vertientes: por un lado, la eliminaci\u00f3n de conversiones de forma innecesarias y, por otro, combinando componentes electr\u00f3nicos de \u00faltima generaci\u00f3n.<\/p><p>Este proyecto est\u00e1 cofinanciado por el Gobierno de Arag\u00f3n, dentro de la l\u00ednea de convocatoria de ayudas para fomentar la utilizaci\u00f3n de las energ\u00edas renovables en el sector de la movilidad y la log\u00edstica del a\u00f1o 2024.<\/p>\t\t\t\t\t\t\t\t<\/div>\n\t\t\t\t<\/div>\n\t\t\t\t\t<\/div>\n\t\t<\/div>\n\t\t\t\t<div class=\"elementor-column elementor-col-50 elementor-top-column elementor-element elementor-element-b3b2227\" data-id=\"b3b2227\" data-element_type=\"column\" data-e-type=\"column\">\n\t\t\t<div class=\"elementor-widget-wrap elementor-element-populated\">\n\t\t\t\t\t\t<div class=\"elementor-element elementor-element-2210e79 elementor-widget__width-initial elementor-widget elementor-widget-image\" data-id=\"2210e79\" data-element_type=\"widget\" data-e-type=\"widget\" data-widget_type=\"image.default\">\n\t\t\t\t<div class=\"elementor-widget-container\">\n\t\t\t\t\t\t\t\t\t\t\t\t\t\t\t<img fetchpriority=\"high\" decoding=\"async\" width=\"1024\" height=\"302\" src=\"https:\/\/chargevite.com\/wp-content\/uploads\/2023\/10\/Logotipo_del_Gobierno_de_Aragon.svg-1024x302.png\" class=\"attachment-large size-large wp-image-8894\" alt=\"\" srcset=\"https:\/\/chargevite.com\/wp-content\/uploads\/2023\/10\/Logotipo_del_Gobierno_de_Aragon.svg-1024x302.png 1024w, https:\/\/chargevite.com\/wp-content\/uploads\/2023\/10\/Logotipo_del_Gobierno_de_Aragon.svg-300x89.png 300w, https:\/\/chargevite.com\/wp-content\/uploads\/2023\/10\/Logotipo_del_Gobierno_de_Aragon.svg-768x227.png 768w, https:\/\/chargevite.com\/wp-content\/uploads\/2023\/10\/Logotipo_del_Gobierno_de_Aragon.svg-1536x454.png 1536w, https:\/\/chargevite.com\/wp-content\/uploads\/2023\/10\/Logotipo_del_Gobierno_de_Aragon.svg-2048x605.png 2048w\" sizes=\"(max-width: 1024px) 100vw, 1024px\" \/>\t\t\t\t\t\t\t\t\t\t\t\t\t\t\t<\/div>\n\t\t\t\t<\/div>\n\t\t\t\t<div class=\"elementor-element elementor-element-1c36efa elementor-widget__width-initial elementor-widget elementor-widget-image\" data-id=\"1c36efa\" data-element_type=\"widget\" data-e-type=\"widget\" data-widget_type=\"image.default\">\n\t\t\t\t<div class=\"elementor-widget-container\">\n\t\t\t\t\t\t\t\t\t\t\t\t\t\t\t<img decoding=\"async\" width=\"505\" height=\"512\" src=\"https:\/\/chargevite.com\/wp-content\/uploads\/2024\/07\/cofinanciado-por-ue.png\" class=\"attachment-large size-large wp-image-10836\" alt=\"\" srcset=\"https:\/\/chargevite.com\/wp-content\/uploads\/2024\/07\/cofinanciado-por-ue.png 505w, https:\/\/chargevite.com\/wp-content\/uploads\/2024\/07\/cofinanciado-por-ue-296x300.png 296w, https:\/\/chargevite.com\/wp-content\/uploads\/2024\/07\/cofinanciado-por-ue-12x12.png 12w\" sizes=\"(max-width: 505px) 100vw, 505px\" \/>\t\t\t\t\t\t\t\t\t\t\t\t\t\t\t<\/div>\n\t\t\t\t<\/div>\n\t\t\t\t<div class=\"elementor-element elementor-element-98d3fb8 elementor-widget elementor-widget-text-editor\" data-id=\"98d3fb8\" data-element_type=\"widget\" data-e-type=\"widget\" data-widget_type=\"text-editor.default\">\n\t\t\t\t<div class=\"elementor-widget-container\">\n\t\t\t\t\t\t\t\t\t<p>Presupuesto parcial de la primera anualidad del proyecto:<\/p><p>201.858,00 \u20ac<\/p><p>(Aportaci\u00f3n Gob. Arag\u00f3n:\u00a0 121.114,80 \u20ac)<\/p><p>Periodo de ejecuci\u00f3n (parcial):<\/p><p>26\/02\/2022 \u2013 31\/10\/2024<\/p>\t\t\t\t\t\t\t\t<\/div>\n\t\t\t\t<\/div>\n\t\t\t\t\t<\/div>\n\t\t<\/div>\n\t\t\t\t\t<\/div>\n\t\t<\/section>\n\t\t\t\t<footer class=\"elementor-section elementor-top-section elementor-element elementor-element-ced03ab elementor-section-height-min-height elementor-section-full_width elementor-section-stretched elementor-section-height-default elementor-section-items-middle\" data-id=\"ced03ab\" data-element_type=\"section\" data-e-type=\"section\" data-settings=\"{&quot;background_background&quot;:&quot;classic&quot;,&quot;stretch_section&quot;:&quot;section-stretched&quot;}\">\n\t\t\t\t\t\t\t<div class=\"elementor-background-overlay\"><\/div>\n\t\t\t\t\t\t\t<div class=\"elementor-container elementor-column-gap-default\">\n\t\t\t\t\t<div class=\"elementor-column elementor-col-100 elementor-top-column elementor-element elementor-element-c9d35a4\" data-id=\"c9d35a4\" data-element_type=\"column\" data-e-type=\"column\">\n\t\t\t<div class=\"elementor-widget-wrap elementor-element-populated\">\n\t\t\t\t\t\t<div class=\"elementor-element elementor-element-7da474f elementor-widget elementor-widget-heading\" data-id=\"7da474f\" data-element_type=\"widget\" data-e-type=\"widget\" data-widget_type=\"heading.default\">\n\t\t\t\t<div class=\"elementor-widget-container\">\n\t\t\t\t\t<h2 class=\"elementor-heading-title elementor-size-xxl\">Contacta con nosotros<\/h2>\t\t\t\t<\/div>\n\t\t\t\t<\/div>\n\t\t\t\t<div class=\"elementor-element elementor-element-ad0ed23 elementor-widget elementor-widget-heading\" data-id=\"ad0ed23\" data-element_type=\"widget\" data-e-type=\"widget\" data-widget_type=\"heading.default\">\n\t\t\t\t<div class=\"elementor-widget-container\">\n\t\t\t\t\t<h2 class=\"elementor-heading-title elementor-size-medium\">Pregunta cualquier duda o consulta a trav\u00e9s de nuestras redes sociales y nuestro correo electr\u00f3nico<\/h2>\t\t\t\t<\/div>\n\t\t\t\t<\/div>\n\t\t\t\t<nav class=\"elementor-section elementor-inner-section elementor-element elementor-element-112d0b8 elementor-section-boxed elementor-section-height-default elementor-section-height-default\" data-id=\"112d0b8\" data-element_type=\"section\" data-e-type=\"section\">\n\t\t\t\t\t\t<div class=\"elementor-container elementor-column-gap-default\">\n\t\t\t\t\t<div class=\"elementor-column elementor-col-100 elementor-inner-column elementor-element elementor-element-9700ec5\" data-id=\"9700ec5\" data-element_type=\"column\" data-e-type=\"column\">\n\t\t\t<div class=\"elementor-widget-wrap elementor-element-populated\">\n\t\t\t\t\t\t<div class=\"elementor-element elementor-element-9f54ae3 elementor-align-center elementor-mobile-align-center elementor-widget elementor-widget-button\" data-id=\"9f54ae3\" data-element_type=\"widget\" data-e-type=\"widget\" data-widget_type=\"button.default\">\n\t\t\t\t<div class=\"elementor-widget-container\">\n\t\t\t\t\t\t\t\t\t<div class=\"elementor-button-wrapper\">\n\t\t\t\t\t<a class=\"elementor-button elementor-button-link elementor-size-xs elementor-animation-grow\" href=\"http:\/\/chargevite.com\/fr\/contacto\/\">\n\t\t\t\t\t\t<span class=\"elementor-button-content-wrapper\">\n\t\t\t\t\t\t\t\t\t<span class=\"elementor-button-text\">P\u00e1gina de contacto<\/span>\n\t\t\t\t\t<\/span>\n\t\t\t\t\t<\/a>\n\t\t\t\t<\/div>\n\t\t\t\t\t\t\t\t<\/div>\n\t\t\t\t<\/div>\n\t\t\t\t\t<\/div>\n\t\t<\/div>\n\t\t\t\t\t<\/div>\n\t\t<\/nav>\n\t\t\t\t<section class=\"elementor-section elementor-inner-section elementor-element elementor-element-64cc68d elementor-section-boxed elementor-section-height-default elementor-section-height-default\" data-id=\"64cc68d\" data-element_type=\"section\" data-e-type=\"section\">\n\t\t\t\t\t\t<div class=\"elementor-container elementor-column-gap-default\">\n\t\t\t\t\t<div class=\"elementor-column elementor-col-25 elementor-inner-column elementor-element elementor-element-0ea99de\" data-id=\"0ea99de\" data-element_type=\"column\" data-e-type=\"column\">\n\t\t\t<div class=\"elementor-widget-wrap elementor-element-populated\">\n\t\t\t\t\t\t<div class=\"elementor-element elementor-element-c49f3b5 elementor-view-default elementor-widget elementor-widget-icon\" data-id=\"c49f3b5\" data-element_type=\"widget\" data-e-type=\"widget\" data-widget_type=\"icon.default\">\n\t\t\t\t<div class=\"elementor-widget-container\">\n\t\t\t\t\t\t\t<div class=\"elementor-icon-wrapper\">\n\t\t\t<a class=\"elementor-icon\" href=\"https:\/\/twitter.com\/chargevite_\">\n\t\t\t<i aria-hidden=\"true\" class=\"fab fa-twitter\"><\/i>\t\t\t<\/a>\n\t\t<\/div>\n\t\t\t\t\t\t<\/div>\n\t\t\t\t<\/div>\n\t\t\t\t\t<\/div>\n\t\t<\/div>\n\t\t\t\t<div class=\"elementor-column elementor-col-25 elementor-inner-column elementor-element elementor-element-cea79e0\" data-id=\"cea79e0\" data-element_type=\"column\" data-e-type=\"column\">\n\t\t\t<div class=\"elementor-widget-wrap elementor-element-populated\">\n\t\t\t\t\t\t<div class=\"elementor-element elementor-element-d7606bb elementor-view-default elementor-widget elementor-widget-icon\" data-id=\"d7606bb\" data-element_type=\"widget\" data-e-type=\"widget\" data-widget_type=\"icon.default\">\n\t\t\t\t<div class=\"elementor-widget-container\">\n\t\t\t\t\t\t\t<div class=\"elementor-icon-wrapper\">\n\t\t\t<a class=\"elementor-icon\" href=\"https:\/\/www.linkedin.com\/company\/chargevite\">\n\t\t\t<i aria-hidden=\"true\" class=\"fab fa-linkedin-in\"><\/i>\t\t\t<\/a>\n\t\t<\/div>\n\t\t\t\t\t\t<\/div>\n\t\t\t\t<\/div>\n\t\t\t\t\t<\/div>\n\t\t<\/div>\n\t\t\t\t<div class=\"elementor-column elementor-col-25 elementor-inner-column elementor-element elementor-element-8cf1bb2\" data-id=\"8cf1bb2\" data-element_type=\"column\" data-e-type=\"column\">\n\t\t\t<div class=\"elementor-widget-wrap elementor-element-populated\">\n\t\t\t\t\t\t<div class=\"elementor-element elementor-element-f062dd5 elementor-view-default elementor-widget elementor-widget-icon\" data-id=\"f062dd5\" data-element_type=\"widget\" data-e-type=\"widget\" data-widget_type=\"icon.default\">\n\t\t\t\t<div class=\"elementor-widget-container\">\n\t\t\t\t\t\t\t<div class=\"elementor-icon-wrapper\">\n\t\t\t<a class=\"elementor-icon\" href=\"https:\/\/www.instagram.com\/chargevite\/\">\n\t\t\t<i aria-hidden=\"true\" class=\"fab fa-instagram\"><\/i>\t\t\t<\/a>\n\t\t<\/div>\n\t\t\t\t\t\t<\/div>\n\t\t\t\t<\/div>\n\t\t\t\t\t<\/div>\n\t\t<\/div>\n\t\t\t\t<div class=\"elementor-column elementor-col-25 elementor-inner-column elementor-element elementor-element-9bada3c\" data-id=\"9bada3c\" data-element_type=\"column\" data-e-type=\"column\">\n\t\t\t<div class=\"elementor-widget-wrap elementor-element-populated\">\n\t\t\t\t\t\t<div class=\"elementor-element elementor-element-14b172f elementor-view-default elementor-widget elementor-widget-icon\" data-id=\"14b172f\" data-element_type=\"widget\" data-e-type=\"widget\" data-widget_type=\"icon.default\">\n\t\t\t\t<div class=\"elementor-widget-container\">\n\t\t\t\t\t\t\t<div class=\"elementor-icon-wrapper\">\n\t\t\t<a class=\"elementor-icon\" href=\"https:\/\/www.facebook.com\/chargevite\">\n\t\t\t<i aria-hidden=\"true\" class=\"fab fa-facebook-f\"><\/i>\t\t\t<\/a>\n\t\t<\/div>\n\t\t\t\t\t\t<\/div>\n\t\t\t\t<\/div>\n\t\t\t\t\t<\/div>\n\t\t<\/div>\n\t\t\t\t\t<\/div>\n\t\t<\/section>\n\t\t\t\t\t<\/div>\n\t\t<\/div>\n\t\t\t\t\t<\/div>\n\t\t<\/footer>\n\t\t\t\t<\/div>","protected":false},"excerpt":{"rendered":"<p>Movilidad sostenible \u2013 Investigaci\u00f3n y primer prototipado para prueba de concepto de nuevos equipos de integraci\u00f3n directa de: generaci\u00f3n renovable, carga bidireccional del veh\u00edculo el\u00e9ctrico y gesti\u00f3n global energ\u00e9tica, en&hellip;<\/p>","protected":false},"author":2,"featured_media":0,"parent":8877,"menu_order":0,"comment_status":"closed","ping_status":"closed","template":"","meta":{"footnotes":""},"class_list":["post-10831","page","type-page","status-publish","hentry"],"aioseo_notices":[],"_links":{"self":[{"href":"https:\/\/chargevite.com\/fr\/wp-json\/wp\/v2\/pages\/10831","targetHints":{"allow":["GET"]}}],"collection":[{"href":"https:\/\/chargevite.com\/fr\/wp-json\/wp\/v2\/pages"}],"about":[{"href":"https:\/\/chargevite.com\/fr\/wp-json\/wp\/v2\/types\/page"}],"author":[{"embeddable":true,"href":"https:\/\/chargevite.com\/fr\/wp-json\/wp\/v2\/users\/2"}],"replies":[{"embeddable":true,"href":"https:\/\/chargevite.com\/fr\/wp-json\/wp\/v2\/comments?post=10831"}],"version-history":[{"count":20,"href":"https:\/\/chargevite.com\/fr\/wp-json\/wp\/v2\/pages\/10831\/revisions"}],"predecessor-version":[{"id":11547,"href":"https:\/\/chargevite.com\/fr\/wp-json\/wp\/v2\/pages\/10831\/revisions\/11547"}],"up":[{"embeddable":true,"href":"https:\/\/chargevite.com\/fr\/wp-json\/wp\/v2\/pages\/8877"}],"wp:attachment":[{"href":"https:\/\/chargevite.com\/fr\/wp-json\/wp\/v2\/media?parent=10831"}],"curies":[{"name":"wp","href":"https:\/\/api.w.org\/{rel}","templated":true}]}}