{"id":12486,"date":"2026-03-31T07:32:32","date_gmt":"2026-03-31T07:32:32","guid":{"rendered":"https:\/\/chargevite.com\/?page_id=12486"},"modified":"2026-04-06T06:29:26","modified_gmt":"2026-04-06T06:29:26","slug":"chargevite-cambio-de-operador-de-connect","status":"publish","type":"page","link":"https:\/\/chargevite.com\/pt\/chargevite-cambio-de-operador-de-connect\/","title":{"rendered":"Chargevite | Cambio de operador de CONNECT"},"content":{"rendered":"\t\t<div data-elementor-type=\"wp-page\" data-elementor-id=\"12486\" class=\"elementor elementor-12486\" data-elementor-post-type=\"page\">\n\t\t\t\t\t\t<section class=\"elementor-section elementor-top-section elementor-element elementor-element-2cda0e19 elementor-section-full_width elementor-section-height-min-height elementor-section-items-stretch elementor-section-height-default\" data-id=\"2cda0e19\" data-element_type=\"section\" data-e-type=\"section\" data-settings=\"{&quot;background_background&quot;:&quot;classic&quot;}\">\n\t\t\t\t\t\t<div class=\"elementor-container elementor-column-gap-default\">\n\t\t\t\t\t<div class=\"elementor-column elementor-col-100 elementor-top-column elementor-element elementor-element-f92a052\" data-id=\"f92a052\" data-element_type=\"column\" data-e-type=\"column\">\n\t\t\t<div class=\"elementor-widget-wrap elementor-element-populated\">\n\t\t\t\t<div class=\"elementor-element elementor-element-123ebd0 e-con-full e-flex e-con e-parent\" data-id=\"123ebd0\" data-element_type=\"container\" data-e-type=\"container\" data-settings=\"{&quot;background_background&quot;:&quot;gradient&quot;}\">\n\t\t\t\t<div class=\"elementor-element elementor-element-f60105f elementor-widget elementor-widget-image\" data-id=\"f60105f\" data-element_type=\"widget\" data-e-type=\"widget\" data-widget_type=\"image.default\">\n\t\t\t\t<div class=\"elementor-widget-container\">\n\t\t\t\t\t\t\t\t\t\t\t\t\t\t\t<img decoding=\"async\" width=\"300\" height=\"74\" src=\"https:\/\/chargevite.com\/wp-content\/uploads\/2020\/11\/cropped-Chargevite-logo-300x74.png\" class=\"attachment-medium size-medium wp-image-1259\" alt=\"\" srcset=\"https:\/\/chargevite.com\/wp-content\/uploads\/2020\/11\/cropped-Chargevite-logo-300x74.png 300w, https:\/\/chargevite.com\/wp-content\/uploads\/2020\/11\/cropped-Chargevite-logo-1024x252.png 1024w, https:\/\/chargevite.com\/wp-content\/uploads\/2020\/11\/cropped-Chargevite-logo-768x189.png 768w, https:\/\/chargevite.com\/wp-content\/uploads\/2020\/11\/cropped-Chargevite-logo-1536x378.png 1536w, https:\/\/chargevite.com\/wp-content\/uploads\/2020\/11\/cropped-Chargevite-logo-2048x505.png 2048w\" sizes=\"(max-width: 300px) 100vw, 300px\" \/>\t\t\t\t\t\t\t\t\t\t\t\t\t\t\t<\/div>\n\t\t\t\t<\/div>\n\t\t<div class=\"elementor-element elementor-element-0c8e601 e-flex e-con-boxed e-con e-child\" data-id=\"0c8e601\" data-element_type=\"container\" data-e-type=\"container\">\n\t\t\t\t\t<div class=\"e-con-inner\">\n\t\t\t\t<div class=\"elementor-element elementor-element-02678a8 elementor-widget elementor-widget-heading\" data-id=\"02678a8\" data-element_type=\"widget\" data-e-type=\"widget\" data-widget_type=\"heading.default\">\n\t\t\t\t<div class=\"elementor-widget-container\">\n\t\t\t\t\t<h1 class=\"elementor-heading-title elementor-size-default\">Chargevite <span style=\"color:black\">CONNECT<\/span><\/h1>\t\t\t\t<\/div>\n\t\t\t\t<\/div>\n\t\t\t\t<div class=\"elementor-element elementor-element-12bc53a elementor-widget elementor-widget-image\" data-id=\"12bc53a\" data-element_type=\"widget\" data-e-type=\"widget\" data-widget_type=\"image.default\">\n\t\t\t\t<div class=\"elementor-widget-container\">\n\t\t\t\t\t\t\t\t\t\t\t\t\t\t\t<img fetchpriority=\"high\" decoding=\"async\" width=\"300\" height=\"203\" src=\"https:\/\/chargevite.com\/wp-content\/uploads\/2026\/04\/fe-vertical-verde-300x203.png\" class=\"attachment-medium size-medium wp-image-12521\" alt=\"\" srcset=\"https:\/\/chargevite.com\/wp-content\/uploads\/2026\/04\/fe-vertical-verde-300x203.png 300w, https:\/\/chargevite.com\/wp-content\/uploads\/2026\/04\/fe-vertical-verde-1024x692.png 1024w, https:\/\/chargevite.com\/wp-content\/uploads\/2026\/04\/fe-vertical-verde-768x519.png 768w, https:\/\/chargevite.com\/wp-content\/uploads\/2026\/04\/fe-vertical-verde-1536x1038.png 1536w, https:\/\/chargevite.com\/wp-content\/uploads\/2026\/04\/fe-vertical-verde-2048x1384.png 2048w, https:\/\/chargevite.com\/wp-content\/uploads\/2026\/04\/fe-vertical-verde-18x12.png 18w\" sizes=\"(max-width: 300px) 100vw, 300px\" \/>\t\t\t\t\t\t\t\t\t\t\t\t\t\t\t<\/div>\n\t\t\t\t<\/div>\n\t\t\t\t\t<\/div>\n\t\t\t\t<\/div>\n\t\t<div class=\"elementor-element elementor-element-fe7be65 e-flex e-con-boxed e-con e-child\" data-id=\"fe7be65\" data-element_type=\"container\" data-e-type=\"container\">\n\t\t\t\t\t<div class=\"e-con-inner\">\n\t\t\t\t<div class=\"elementor-element elementor-element-84e7b43 elementor-widget elementor-widget-text-editor\" data-id=\"84e7b43\" data-element_type=\"widget\" data-e-type=\"widget\" data-widget_type=\"text-editor.default\">\n\t\t\t\t<div class=\"elementor-widget-container\">\n\t\t\t\t\t\t\t\t\t<p>Chargevite ha tomado la decisi\u00f3n de <strong>cesar su actividad productiva y comercial. <\/strong><\/p><p>Para asegurar la continuidad del servicio, <strong>Chargevite CONNECT<\/strong> pasa a gestionarse con <strong>FEN\u00cdE ENERG\u00cdA<\/strong> que dar\u00e1 servicio con la herramienta CONNECT.<\/p><p>Para la correcta migraci\u00f3n y funcionamiento, necesitamos que aceptes nuestra pol\u00edtica de gesti\u00f3n de datos para que este operador pueda tratar con \u00e9xito la migraci\u00f3n.<\/p>\t\t\t\t\t\t\t\t<\/div>\n\t\t\t\t<\/div>\n\t\t\t\t<div class=\"elementor-element elementor-element-f37f3cc elementor-widget__width-inherit elementor-button-align-stretch elementor-widget elementor-widget-form\" data-id=\"f37f3cc\" data-element_type=\"widget\" data-e-type=\"widget\" data-settings=\"{&quot;button_width&quot;:&quot;20&quot;,&quot;step_next_label&quot;:&quot;Siguiente&quot;,&quot;step_previous_label&quot;:&quot;Anterior&quot;,&quot;button_width_tablet&quot;:&quot;50&quot;,&quot;step_type&quot;:&quot;number_text&quot;,&quot;step_icon_shape&quot;:&quot;circle&quot;}\" data-widget_type=\"form.default\">\n\t\t\t\t<div class=\"elementor-widget-container\">\n\t\t\t\t\t\t\t<form class=\"elementor-form\" method=\"post\" name=\"CONTACTO - Home\" aria-label=\"CONTACTO - Home\">\n\t\t\t<input type=\"hidden\" name=\"post_id\" value=\"12486\"\/>\n\t\t\t<input type=\"hidden\" name=\"form_id\" value=\"f37f3cc\"\/>\n\t\t\t<input type=\"hidden\" name=\"referer_title\" value=\"\" \/>\n\n\t\t\t\n\t\t\t<div class=\"elementor-form-fields-wrapper elementor-labels-above\">\n\t\t\t\t\t\t\t\t<div class=\"elementor-field-type-email elementor-field-group elementor-column elementor-field-group-email elementor-col-100 elementor-field-required\">\n\t\t\t\t\t\t\t\t\t\t\t\t<label for=\"form-field-email\" class=\"elementor-field-label\">\n\t\t\t\t\t\t\t\tCorreo electr\u00f3nico\t\t\t\t\t\t\t<\/label>\n\t\t\t\t\t\t\t\t\t\t\t\t\t\t<input size=\"1\" type=\"email\" name=\"form_fields[email]\" id=\"form-field-email\" class=\"elementor-field elementor-size-md  elementor-field-textual\" placeholder=\"Correo electr\u00f3nico\" required=\"required\">\n\t\t\t\t\t\t\t\t\t\t\t<\/div>\n\t\t\t\t\t\t\t\t<div class=\"elementor-field-type-recaptcha elementor-field-group elementor-column elementor-field-group-field_a2d8d26 elementor-col-100\">\n\t\t\t\t\t<div class=\"elementor-field\" id=\"form-field-field_a2d8d26\"><div class=\"elementor-g-recaptcha\" data-sitekey=\"6Lc5EAkqAAAAAEILYiCOryTnTLCcwbmcQPAqOp9j\" data-type=\"v2_checkbox\" data-theme=\"light\" data-size=\"normal\"><\/div><\/div>\t\t\t\t<\/div>\n\t\t\t\t\t\t\t\t<div class=\"elementor-field-type-acceptance elementor-field-group elementor-column elementor-field-group-field_5edca16 elementor-col-100 elementor-field-required\">\n\t\t\t\t\t\t\t\t\t\t\t\t<label for=\"form-field-field_5edca16\" class=\"elementor-field-label\">\n\t\t\t\t\t\t\t\tPol\u00edtica de tratamiento de datos\t\t\t\t\t\t\t<\/label>\n\t\t\t\t\t\t\t\t<div class=\"elementor-field-subgroup\">\n\t\t\t<span class=\"elementor-field-option\">\n\t\t\t\t<input type=\"checkbox\" name=\"form_fields[field_5edca16]\" id=\"form-field-field_5edca16\" class=\"elementor-field elementor-size-md  elementor-acceptance-field\" required=\"required\">\n\t\t\t\t<label for=\"form-field-field_5edca16\">Acepto que mis datos sean trasladados seg\u00fan la <a href=\"https:\/\/chargevite.com\/2023\/05\/02\/politica-privacidad\/\" style=\"text-decoration: underline;\">pol\u00edtica de privacidad<\/a> de Chargevite al nuevo operador de la plataforma CONNECT quien se har\u00e1 cargo de la gesti\u00f3n de los mismos a partir del momento de la migraci\u00f3n.<\/label>\t\t\t<\/span>\n\t\t<\/div>\n\t\t\t\t\t\t<\/div>\n\t\t\t\t\t\t\t\t<div class=\"elementor-field-group elementor-column elementor-field-type-submit elementor-col-20 e-form__buttons elementor-md-50\">\n\t\t\t\t\t<button class=\"elementor-button elementor-size-sm\" type=\"submit\">\n\t\t\t\t\t\t<span class=\"elementor-button-content-wrapper\">\n\t\t\t\t\t\t\t\t\t\t\t\t\t\t\t<span class=\"elementor-button-icon\">\n\t\t\t\t\t\t\t\t\t<i aria-hidden=\"true\" class=\"fas fa-arrow-right\"><\/i>\t\t\t\t\t\t\t\t\t\t\t\t\t\t\t\t\t<\/span>\n\t\t\t\t\t\t\t\t\t\t\t\t\t\t\t\t\t\t\t\t\t\t<span class=\"elementor-button-text\">Enviar<\/span>\n\t\t\t\t\t\t\t\t\t\t\t\t\t<\/span>\n\t\t\t\t\t<\/button>\n\t\t\t\t<\/div>\n\t\t\t<\/div>\n\t\t<\/form>\n\t\t\t\t\t\t<\/div>\n\t\t\t\t<\/div>\n\t\t\t\t\t<\/div>\n\t\t\t\t<\/div>\n\t\t\t\t<\/div>\n\t\t\t\t\t<\/div>\n\t\t<\/div>\n\t\t\t\t\t<\/div>\n\t\t<\/section>\n\t\t<div class=\"elementor-element elementor-element-14c67f7 e-flex e-con-boxed e-con e-parent\" data-id=\"14c67f7\" data-element_type=\"container\" data-e-type=\"container\" data-settings=\"{&quot;background_background&quot;:&quot;classic&quot;}\">\n\t\t\t\t\t<div class=\"e-con-inner\">\n\t\t\t\t<div class=\"elementor-element elementor-element-5fd3a8c elementor-widget elementor-widget-text-editor\" data-id=\"5fd3a8c\" data-element_type=\"widget\" data-e-type=\"widget\" data-widget_type=\"text-editor.default\">\n\t\t\t\t<div class=\"elementor-widget-container\">\n\t\t\t\t\t\t\t\t\t<p><span style=\"text-decoration: underline;\"><a href=\"https:\/\/chargevite.com\/wp-content\/uploads\/2021\/08\/Chargevite-Aviso-legal.pdf\">Aviso Legal<\/a><\/span>\u00a0 |\u00a0 <span style=\"text-decoration: underline;\"><a href=\"https:\/\/chargevite.com\/wp-content\/uploads\/2022\/10\/Chargevite-Condiciones-generales-de-venta.pdf\">Condiciones Generales de Venta<\/a><\/span>\u00a0 |\u00a0\u00a0<span style=\"text-decoration: underline;\"><a href=\"https:\/\/chargevite.com\/2023\/05\/02\/politica-privacidad\/\" data-wplink-edit=\"true\">Pol\u00edtica de Privacidad<\/a><\/span>\u00a0 |\u00a0 <a href=\"https:\/\/chargevite.com\/declaracion-de-conformidad\/\"><u>Declaraci\u00f3n de conformidad<\/u><\/a>\u00a0 |\u00a0\u00a0<span style=\"text-decoration: underline;\"><a href=\"https:\/\/chargevite.com\/wp-content\/uploads\/2025\/11\/Politica-de-Calidad-QP251118.pdf\">Pol\u00edtica de Calidad<\/a><\/span><\/p>\t\t\t\t\t\t\t\t<\/div>\n\t\t\t\t<\/div>\n\t\t\t\t\t<\/div>\n\t\t\t\t<\/div>\n\t\t\t\t<\/div>\n\t\t","protected":false},"excerpt":{"rendered":"<p>Chargevite CONNECT Chargevite ha tomado la decisi\u00f3n de cesar su actividad productiva y comercial. Para asegurar la continuidad del servicio, Chargevite CONNECT pasa a gestionarse con FEN\u00cdE ENERG\u00cdA que dar\u00e1&hellip;<\/p>","protected":false},"author":2,"featured_media":8842,"parent":0,"menu_order":0,"comment_status":"closed","ping_status":"closed","template":"elementor_canvas","meta":{"footnotes":""},"class_list":["post-12486","page","type-page","status-publish","has-post-thumbnail","hentry"],"aioseo_notices":[],"_links":{"self":[{"href":"https:\/\/chargevite.com\/pt\/wp-json\/wp\/v2\/pages\/12486","targetHints":{"allow":["GET"]}}],"collection":[{"href":"https:\/\/chargevite.com\/pt\/wp-json\/wp\/v2\/pages"}],"about":[{"href":"https:\/\/chargevite.com\/pt\/wp-json\/wp\/v2\/types\/page"}],"author":[{"embeddable":true,"href":"https:\/\/chargevite.com\/pt\/wp-json\/wp\/v2\/users\/2"}],"replies":[{"embeddable":true,"href":"https:\/\/chargevite.com\/pt\/wp-json\/wp\/v2\/comments?post=12486"}],"version-history":[{"count":15,"href":"https:\/\/chargevite.com\/pt\/wp-json\/wp\/v2\/pages\/12486\/revisions"}],"predecessor-version":[{"id":12524,"href":"https:\/\/chargevite.com\/pt\/wp-json\/wp\/v2\/pages\/12486\/revisions\/12524"}],"wp:featuredmedia":[{"embeddable":true,"href":"https:\/\/chargevite.com\/pt\/wp-json\/wp\/v2\/media\/8842"}],"wp:attachment":[{"href":"https:\/\/chargevite.com\/pt\/wp-json\/wp\/v2\/media?parent=12486"}],"curies":[{"name":"wp","href":"https:\/\/api.w.org\/{rel}","templated":true}]}}