{"id":8892,"date":"2023-10-27T10:43:28","date_gmt":"2023-10-27T10:43:28","guid":{"rendered":"https:\/\/chargevite.com\/proyectos-cofinanciados-copy\/"},"modified":"2024-10-11T11:13:28","modified_gmt":"2024-10-11T11:13:28","slug":"proyectos-cofinanciado-ayuda-gobierno-aragon","status":"publish","type":"page","link":"https:\/\/chargevite.com\/pt\/proyectos-cofinanciados\/proyectos-cofinanciado-ayuda-gobierno-aragon\/","title":{"rendered":"Projeto cofinanciado: Ajuda do Governo de Arag\u00e3o"},"content":{"rendered":"<div data-elementor-type=\"wp-page\" data-elementor-id=\"8892\" class=\"elementor elementor-8892\" data-elementor-post-type=\"page\">\n\t\t\t\t\t\t<header class=\"elementor-section elementor-top-section elementor-element elementor-element-259cd53 elementor-section-height-min-height elementor-section-stretched elementor-section-boxed elementor-section-height-default elementor-section-items-middle\" data-id=\"259cd53\" data-element_type=\"section\" data-e-type=\"section\" data-settings=\"{&quot;background_background&quot;:&quot;classic&quot;,&quot;stretch_section&quot;:&quot;section-stretched&quot;}\">\n\t\t\t\t\t\t\t<div class=\"elementor-background-overlay\"><\/div>\n\t\t\t\t\t\t\t<div class=\"elementor-container elementor-column-gap-default\">\n\t\t\t\t\t<div class=\"elementor-column elementor-col-100 elementor-top-column elementor-element elementor-element-e2cc79e\" data-id=\"e2cc79e\" data-element_type=\"column\" data-e-type=\"column\">\n\t\t\t<div class=\"elementor-widget-wrap elementor-element-populated\">\n\t\t\t\t\t\t<div class=\"elementor-element elementor-element-9b73f9f elementor-widget elementor-widget-heading\" data-id=\"9b73f9f\" data-element_type=\"widget\" data-e-type=\"widget\" data-widget_type=\"heading.default\">\n\t\t\t\t<div class=\"elementor-widget-container\">\n\t\t\t\t\t<h2 class=\"elementor-heading-title elementor-size-xxl\">Movilidad sostenible \u2013 Sistema aut\u00f3nomo inteligente de transferencia energ\u00e9tica bidireccional<\/h2>\t\t\t\t<\/div>\n\t\t\t\t<\/div>\n\t\t\t\t\t<\/div>\n\t\t<\/div>\n\t\t\t\t\t<\/div>\n\t\t<\/header>\n\t\t\t\t<section class=\"elementor-section elementor-top-section elementor-element elementor-element-2b69f9f9 elementor-section-height-min-height elementor-section-items-stretch elementor-section-stretched elementor-section-boxed elementor-section-height-default\" data-id=\"2b69f9f9\" data-element_type=\"section\" data-e-type=\"section\" data-settings=\"{&quot;background_background&quot;:&quot;classic&quot;,&quot;stretch_section&quot;:&quot;section-stretched&quot;}\">\n\t\t\t\t\t\t<div class=\"elementor-container elementor-column-gap-wider\">\n\t\t\t\t\t<div class=\"elementor-column elementor-col-100 elementor-top-column elementor-element elementor-element-4afcf8d\" data-id=\"4afcf8d\" data-element_type=\"column\" data-e-type=\"column\">\n\t\t\t<div class=\"elementor-widget-wrap elementor-element-populated\">\n\t\t\t\t\t\t<div class=\"elementor-element elementor-element-65e2a95 elementor-widget elementor-widget-heading\" data-id=\"65e2a95\" data-element_type=\"widget\" data-e-type=\"widget\" data-widget_type=\"heading.default\">\n\t\t\t\t<div class=\"elementor-widget-container\">\n\t\t\t\t\t<h2 class=\"elementor-heading-title elementor-size-default\">Informaci\u00f3n del Proyecto<\/h2>\t\t\t\t<\/div>\n\t\t\t\t<\/div>\n\t\t\t\t<div class=\"elementor-element elementor-element-f28f9ff elementor-widget elementor-widget-text-editor\" data-id=\"f28f9ff\" data-element_type=\"widget\" data-e-type=\"widget\" data-widget_type=\"text-editor.default\">\n\t\t\t\t<div class=\"elementor-widget-container\">\n\t\t\t\t\t\t\t\t\t<h3>&#8211; T\u00edtulo del Proyecto<\/h3><p>Sistema aut\u00f3nomo inteligente de transferencia energ\u00e9tica bidireccional para su implantaci\u00f3n generalizada en el \u00e1mbito dom\u00e9stico, comercial e industriales.<\/p><h3>&#8211; Objetivo del Proyecto<\/h3><div>El objetivo del proyecto consiste en desarrollar un sistema inteligente aut\u00f3nomo de transferencia energ\u00e9tica con la tecnolog\u00eda del cargador bidireccional y la comunicaci\u00f3n\u00a0<strong>V2X<\/strong>\u00a0(vehicle to anything) para su implantaci\u00f3n generalizada en el \u00e1mbito dom\u00e9stico, comercial e industrial.<\/div><h3>&#8211; Tipolog\u00eda del Proyecto<\/h3><p>Subvenciones para realizar en Arag\u00f3n proyectos empresariales vinculados a la movilidad sostenible.<\/p><h3>&#8211; Plazo de ejecuci\u00f3n<\/h3><p>Septiembre 2021 &#8211; septiembre 2023<\/p><h3>&#8211; Importe total del proyecto<\/h3><p>999.523,00 \u20ac<\/p><h3>&#8211; Importe subvenci\u00f3n percibida por Chargevite<\/h3><p>177.889,25 \u20ac<\/p>\t\t\t\t\t\t\t\t<\/div>\n\t\t\t\t<\/div>\n\t\t\t\t<div class=\"elementor-element elementor-element-9967f20 elementor-widget elementor-widget-spacer\" data-id=\"9967f20\" data-element_type=\"widget\" data-e-type=\"widget\" data-widget_type=\"spacer.default\">\n\t\t\t\t<div class=\"elementor-widget-container\">\n\t\t\t\t\t\t\t<div class=\"elementor-spacer\">\n\t\t\t<div class=\"elementor-spacer-inner\"><\/div>\n\t\t<\/div>\n\t\t\t\t\t\t<\/div>\n\t\t\t\t<\/div>\n\t\t\t\t<div class=\"elementor-element elementor-element-f659d41 elementor-widget elementor-widget-text-editor\" data-id=\"f659d41\" data-element_type=\"widget\" data-e-type=\"widget\" data-widget_type=\"text-editor.default\">\n\t\t\t\t<div class=\"elementor-widget-container\">\n\t\t\t\t\t\t\t\t\t<p>Para m\u00e1s informaci\u00f3n sobre el proyecto,\u00a0<u><a href=\"https:\/\/chargevite.com\/pt\/noticias\/\">visita nuestro apartado de noticias<\/a><\/u>.\u00a0<\/p>\t\t\t\t\t\t\t\t<\/div>\n\t\t\t\t<\/div>\n\t\t\t\t<div class=\"elementor-element elementor-element-ac5c5e9 elementor-widget elementor-widget-image\" data-id=\"ac5c5e9\" data-element_type=\"widget\" data-e-type=\"widget\" data-widget_type=\"image.default\">\n\t\t\t\t<div class=\"elementor-widget-container\">\n\t\t\t\t\t\t\t\t\t\t\t\t\t\t\t<img decoding=\"async\" width=\"300\" height=\"89\" src=\"https:\/\/chargevite.com\/wp-content\/uploads\/2023\/10\/Logotipo_del_Gobierno_de_Aragon.svg-300x89.png\" class=\"attachment-medium size-medium wp-image-8894\" alt=\"\" srcset=\"https:\/\/chargevite.com\/wp-content\/uploads\/2023\/10\/Logotipo_del_Gobierno_de_Aragon.svg-300x89.png 300w, https:\/\/chargevite.com\/wp-content\/uploads\/2023\/10\/Logotipo_del_Gobierno_de_Aragon.svg-1024x302.png 1024w, https:\/\/chargevite.com\/wp-content\/uploads\/2023\/10\/Logotipo_del_Gobierno_de_Aragon.svg-768x227.png 768w, https:\/\/chargevite.com\/wp-content\/uploads\/2023\/10\/Logotipo_del_Gobierno_de_Aragon.svg-1536x454.png 1536w, https:\/\/chargevite.com\/wp-content\/uploads\/2023\/10\/Logotipo_del_Gobierno_de_Aragon.svg-2048x605.png 2048w\" sizes=\"(max-width: 300px) 100vw, 300px\" \/>\t\t\t\t\t\t\t\t\t\t\t\t\t\t\t<\/div>\n\t\t\t\t<\/div>\n\t\t\t\t\t<\/div>\n\t\t<\/div>\n\t\t\t\t\t<\/div>\n\t\t<\/section>\n\t\t\t\t<footer class=\"elementor-section elementor-top-section elementor-element elementor-element-ced03ab elementor-section-height-min-height elementor-section-full_width elementor-section-stretched elementor-section-height-default elementor-section-items-middle\" data-id=\"ced03ab\" data-element_type=\"section\" data-e-type=\"section\" data-settings=\"{&quot;background_background&quot;:&quot;classic&quot;,&quot;stretch_section&quot;:&quot;section-stretched&quot;}\">\n\t\t\t\t\t\t\t<div class=\"elementor-background-overlay\"><\/div>\n\t\t\t\t\t\t\t<div class=\"elementor-container elementor-column-gap-default\">\n\t\t\t\t\t<div class=\"elementor-column elementor-col-100 elementor-top-column elementor-element elementor-element-c9d35a4\" data-id=\"c9d35a4\" data-element_type=\"column\" data-e-type=\"column\">\n\t\t\t<div class=\"elementor-widget-wrap elementor-element-populated\">\n\t\t\t\t\t\t<div class=\"elementor-element elementor-element-7da474f elementor-widget elementor-widget-heading\" data-id=\"7da474f\" data-element_type=\"widget\" data-e-type=\"widget\" data-widget_type=\"heading.default\">\n\t\t\t\t<div class=\"elementor-widget-container\">\n\t\t\t\t\t<h2 class=\"elementor-heading-title elementor-size-xxl\">Contacta con nosotros<\/h2>\t\t\t\t<\/div>\n\t\t\t\t<\/div>\n\t\t\t\t<div class=\"elementor-element elementor-element-ad0ed23 elementor-widget elementor-widget-heading\" data-id=\"ad0ed23\" data-element_type=\"widget\" data-e-type=\"widget\" data-widget_type=\"heading.default\">\n\t\t\t\t<div class=\"elementor-widget-container\">\n\t\t\t\t\t<h2 class=\"elementor-heading-title elementor-size-medium\">Pregunta cualquier duda o consulta a trav\u00e9s de nuestras redes sociales y nuestro correo electr\u00f3nico<\/h2>\t\t\t\t<\/div>\n\t\t\t\t<\/div>\n\t\t\t\t<nav class=\"elementor-section elementor-inner-section elementor-element elementor-element-112d0b8 elementor-section-boxed elementor-section-height-default elementor-section-height-default\" data-id=\"112d0b8\" data-element_type=\"section\" data-e-type=\"section\">\n\t\t\t\t\t\t<div class=\"elementor-container elementor-column-gap-default\">\n\t\t\t\t\t<div class=\"elementor-column elementor-col-100 elementor-inner-column elementor-element elementor-element-9700ec5\" data-id=\"9700ec5\" data-element_type=\"column\" data-e-type=\"column\">\n\t\t\t<div class=\"elementor-widget-wrap elementor-element-populated\">\n\t\t\t\t\t\t<div class=\"elementor-element elementor-element-9f54ae3 elementor-align-center elementor-mobile-align-center elementor-widget elementor-widget-button\" data-id=\"9f54ae3\" data-element_type=\"widget\" data-e-type=\"widget\" data-widget_type=\"button.default\">\n\t\t\t\t<div class=\"elementor-widget-container\">\n\t\t\t\t\t\t\t\t\t<div class=\"elementor-button-wrapper\">\n\t\t\t\t\t<a class=\"elementor-button elementor-button-link elementor-size-xs elementor-animation-grow\" href=\"http:\/\/chargevite.com\/pt\/contacto\/\">\n\t\t\t\t\t\t<span class=\"elementor-button-content-wrapper\">\n\t\t\t\t\t\t\t\t\t<span class=\"elementor-button-text\">P\u00e1gina de contacto<\/span>\n\t\t\t\t\t<\/span>\n\t\t\t\t\t<\/a>\n\t\t\t\t<\/div>\n\t\t\t\t\t\t\t\t<\/div>\n\t\t\t\t<\/div>\n\t\t\t\t\t<\/div>\n\t\t<\/div>\n\t\t\t\t\t<\/div>\n\t\t<\/nav>\n\t\t\t\t<section class=\"elementor-section elementor-inner-section elementor-element elementor-element-64cc68d elementor-section-boxed elementor-section-height-default elementor-section-height-default\" data-id=\"64cc68d\" data-element_type=\"section\" data-e-type=\"section\">\n\t\t\t\t\t\t<div class=\"elementor-container elementor-column-gap-default\">\n\t\t\t\t\t<div class=\"elementor-column elementor-col-25 elementor-inner-column elementor-element elementor-element-0ea99de\" data-id=\"0ea99de\" data-element_type=\"column\" data-e-type=\"column\">\n\t\t\t<div class=\"elementor-widget-wrap elementor-element-populated\">\n\t\t\t\t\t\t<div class=\"elementor-element elementor-element-c49f3b5 elementor-view-default elementor-widget elementor-widget-icon\" data-id=\"c49f3b5\" data-element_type=\"widget\" data-e-type=\"widget\" data-widget_type=\"icon.default\">\n\t\t\t\t<div class=\"elementor-widget-container\">\n\t\t\t\t\t\t\t<div class=\"elementor-icon-wrapper\">\n\t\t\t<a class=\"elementor-icon\" href=\"https:\/\/twitter.com\/chargevite_\">\n\t\t\t<i aria-hidden=\"true\" class=\"fab fa-twitter\"><\/i>\t\t\t<\/a>\n\t\t<\/div>\n\t\t\t\t\t\t<\/div>\n\t\t\t\t<\/div>\n\t\t\t\t\t<\/div>\n\t\t<\/div>\n\t\t\t\t<div class=\"elementor-column elementor-col-25 elementor-inner-column elementor-element elementor-element-cea79e0\" data-id=\"cea79e0\" data-element_type=\"column\" data-e-type=\"column\">\n\t\t\t<div class=\"elementor-widget-wrap elementor-element-populated\">\n\t\t\t\t\t\t<div class=\"elementor-element elementor-element-d7606bb elementor-view-default elementor-widget elementor-widget-icon\" data-id=\"d7606bb\" data-element_type=\"widget\" data-e-type=\"widget\" data-widget_type=\"icon.default\">\n\t\t\t\t<div class=\"elementor-widget-container\">\n\t\t\t\t\t\t\t<div class=\"elementor-icon-wrapper\">\n\t\t\t<a class=\"elementor-icon\" href=\"https:\/\/www.linkedin.com\/company\/chargevite\">\n\t\t\t<i aria-hidden=\"true\" class=\"fab fa-linkedin-in\"><\/i>\t\t\t<\/a>\n\t\t<\/div>\n\t\t\t\t\t\t<\/div>\n\t\t\t\t<\/div>\n\t\t\t\t\t<\/div>\n\t\t<\/div>\n\t\t\t\t<div class=\"elementor-column elementor-col-25 elementor-inner-column elementor-element elementor-element-8cf1bb2\" data-id=\"8cf1bb2\" data-element_type=\"column\" data-e-type=\"column\">\n\t\t\t<div class=\"elementor-widget-wrap elementor-element-populated\">\n\t\t\t\t\t\t<div class=\"elementor-element elementor-element-f062dd5 elementor-view-default elementor-widget elementor-widget-icon\" data-id=\"f062dd5\" data-element_type=\"widget\" data-e-type=\"widget\" data-widget_type=\"icon.default\">\n\t\t\t\t<div class=\"elementor-widget-container\">\n\t\t\t\t\t\t\t<div class=\"elementor-icon-wrapper\">\n\t\t\t<a class=\"elementor-icon\" href=\"https:\/\/www.instagram.com\/chargevite\/\">\n\t\t\t<i aria-hidden=\"true\" class=\"fab fa-instagram\"><\/i>\t\t\t<\/a>\n\t\t<\/div>\n\t\t\t\t\t\t<\/div>\n\t\t\t\t<\/div>\n\t\t\t\t\t<\/div>\n\t\t<\/div>\n\t\t\t\t<div class=\"elementor-column elementor-col-25 elementor-inner-column elementor-element elementor-element-9bada3c\" data-id=\"9bada3c\" data-element_type=\"column\" data-e-type=\"column\">\n\t\t\t<div class=\"elementor-widget-wrap elementor-element-populated\">\n\t\t\t\t\t\t<div class=\"elementor-element elementor-element-14b172f elementor-view-default elementor-widget elementor-widget-icon\" data-id=\"14b172f\" data-element_type=\"widget\" data-e-type=\"widget\" data-widget_type=\"icon.default\">\n\t\t\t\t<div class=\"elementor-widget-container\">\n\t\t\t\t\t\t\t<div class=\"elementor-icon-wrapper\">\n\t\t\t<a class=\"elementor-icon\" href=\"https:\/\/www.facebook.com\/chargevite\">\n\t\t\t<i aria-hidden=\"true\" class=\"fab fa-facebook-f\"><\/i>\t\t\t<\/a>\n\t\t<\/div>\n\t\t\t\t\t\t<\/div>\n\t\t\t\t<\/div>\n\t\t\t\t\t<\/div>\n\t\t<\/div>\n\t\t\t\t\t<\/div>\n\t\t<\/section>\n\t\t\t\t\t<\/div>\n\t\t<\/div>\n\t\t\t\t\t<\/div>\n\t\t<\/footer>\n\t\t\t\t<\/div>","protected":false},"excerpt":{"rendered":"<p>Movilidad sostenible \u2013 Sistema aut\u00f3nomo inteligente de transferencia energ\u00e9tica bidireccional Informaci\u00f3n del Proyecto &#8211; T\u00edtulo del Proyecto Sistema aut\u00f3nomo inteligente de transferencia energ\u00e9tica bidireccional para su implantaci\u00f3n generalizada en el&hellip;<\/p>","protected":false},"author":2,"featured_media":0,"parent":8877,"menu_order":0,"comment_status":"closed","ping_status":"closed","template":"","meta":{"footnotes":""},"class_list":["post-8892","page","type-page","status-publish","hentry"],"aioseo_notices":[],"_links":{"self":[{"href":"https:\/\/chargevite.com\/pt\/wp-json\/wp\/v2\/pages\/8892","targetHints":{"allow":["GET"]}}],"collection":[{"href":"https:\/\/chargevite.com\/pt\/wp-json\/wp\/v2\/pages"}],"about":[{"href":"https:\/\/chargevite.com\/pt\/wp-json\/wp\/v2\/types\/page"}],"author":[{"embeddable":true,"href":"https:\/\/chargevite.com\/pt\/wp-json\/wp\/v2\/users\/2"}],"replies":[{"embeddable":true,"href":"https:\/\/chargevite.com\/pt\/wp-json\/wp\/v2\/comments?post=8892"}],"version-history":[{"count":19,"href":"https:\/\/chargevite.com\/pt\/wp-json\/wp\/v2\/pages\/8892\/revisions"}],"predecessor-version":[{"id":11538,"href":"https:\/\/chargevite.com\/pt\/wp-json\/wp\/v2\/pages\/8892\/revisions\/11538"}],"up":[{"embeddable":true,"href":"https:\/\/chargevite.com\/pt\/wp-json\/wp\/v2\/pages\/8877"}],"wp:attachment":[{"href":"https:\/\/chargevite.com\/pt\/wp-json\/wp\/v2\/media?parent=8892"}],"curies":[{"name":"wp","href":"https:\/\/api.w.org\/{rel}","templated":true}]}}